{"id":2227,"date":"2020-11-20T17:55:27","date_gmt":"2020-11-20T17:55:27","guid":{"rendered":"https:\/\/allstreamsupport.burbledev.com\/?page_id=2227"},"modified":"2022-09-28T16:51:06","modified_gmt":"2022-09-28T16:51:06","slug":"videos-sur-les-rapports-du-portail-allstream","status":"publish","type":"page","link":"https:\/\/support.allstream.com\/fr\/videos-sur-les-rapports-du-portail-allstream\/","title":{"rendered":"Vid\u00e9os sur les rapports du portail Allstream"},"content":{"rendered":"\n<ul class=\"wp-block-list\"><li><a href=\"#overview\">Vid\u00e9o de pr\u00e9sentation des rapports du portail&nbsp;Allstream<\/a><\/li><li><a href=\"#accessfr\">Acc\u00e8der&nbsp;aux rapports du portail&nbsp;Allstream<\/a>&nbsp;<\/li><li><a href=\"#standardfr\">Les rapports standard<\/a>&nbsp;<\/li><li><a href=\"#fixedusagefr\">Afficher et exporter les rapports sur les frais fixes et les rapports d\u2019utilisation<\/a>&nbsp;<\/li><li><a href=\"#customfr\">Les rapports personnalis\u00e9s<\/a>&nbsp;<\/li><li><a href=\"#scheduledfr\">La configuration des rapports planifi\u00e9s<\/a>&nbsp;<\/li><\/ul>\n\n\n\n<p><a href=\"https:\/\/support.allstream.com\/fr\/annonce-de-loutil-de-creation-de-rapports-allstream\/\"><strong>Retour \u00e0 l&#8217;annonce du rapport Allstream &gt;&gt;<\/strong><\/a><\/p>\n\n\n\n<hr class=\"wp-block-separator has-css-opacity is-style-wide\"\/>\n\n\n\n<p id=\"overview\">&nbsp;<\/p>\n\n\n\n<h2 class=\"wp-block-heading\">Vid\u00e9o de pr\u00e9sentation des rapports du portail&nbsp;Allstream<\/h2>\n\n\n\n<p>Obtenez une vue d\u2019ensemble des nouvelles fonctions de rapports du portail d\u2019Allstream, comment elles remplacent les rapports de&nbsp;GestionCom&nbsp;et de&nbsp;GestionCom&nbsp;Plus, o\u00f9 obtenir de l\u2019aide, et plus encore :<\/p>\n\n\n\n<figure class=\"wp-block-video\"><video height=\"720\" style=\"aspect-ratio: 1280 \/ 720;\" width=\"1280\" controls src=\"https:\/\/support.allstream.com\/wp-content\/uploads\/2022\/09\/VIDEO-Portal-Reporting-Demo-FR.mp4\"><\/video><\/figure>\n\n\n\n<hr class=\"wp-block-separator has-css-opacity is-style-wide\"\/>\n\n\n\n<p id=\"accessfr\">&nbsp;<\/p>\n\n\n\n<h2 class=\"wp-block-heading\">Acc\u00e8der&nbsp;aux rapports du portail&nbsp;Allstream<\/h2>\n\n\n\n<p>Constatez par vous-m\u00eame comme il est facile d\u2019acc\u00e9der aux nouveaux rapports dans le portail Allstream :<\/p>\n\n\n\n<figure class=\"wp-block-video\"><video height=\"720\" style=\"aspect-ratio: 1280 \/ 720;\" width=\"1280\" controls src=\"https:\/\/support.allstream.com\/wp-content\/uploads\/2022\/09\/VIDEO-Accessing-Reports-FR.mp4\"><\/video><\/figure>\n\n\n\n<hr class=\"wp-block-separator has-css-opacity is-style-wide\"\/>\n\n\n\n<p id=\"standardfr\">&nbsp;<\/p>\n\n\n\n<h2 class=\"wp-block-heading\">Les rapports standard<\/h2>\n\n\n\n<p>Apprenez \u00e0 consulter, \u00e0 g\u00e9n\u00e9rer et \u00e0 exporter des donn\u00e9es \u00e0 partir d\u2019une biblioth\u00e8que de rapports pr\u00e9d\u00e9finis sur les appels interurbains, l\u2019utilisation et la facturation :<\/p>\n\n\n\n<figure class=\"wp-block-video\"><video height=\"720\" style=\"aspect-ratio: 1280 \/ 720;\" width=\"1280\" controls src=\"https:\/\/support.allstream.com\/wp-content\/uploads\/2022\/09\/VIDEO-Standard-Reports-FR.mp4\"><\/video><\/figure>\n\n\n\n<hr class=\"wp-block-separator has-css-opacity is-style-wide\"\/>\n\n\n\n<p id=\"fixedusagefr\">&nbsp;<\/p>\n\n\n\n<h2 class=\"wp-block-heading\">Afficher et exporter les rapports sur les frais fixes et les rapports d\u2019utilisation<\/h2>\n\n\n\n<p>D\u00e9couvrez comment visualiser, trier et exporter les donn\u00e9es relatives \u00e0 tous les frais fixes et \u00e0 l\u2019ensemble de l\u2019utilisation :<\/p>\n\n\n\n<figure class=\"wp-block-video\"><video height=\"720\" style=\"aspect-ratio: 1280 \/ 720;\" width=\"1280\" controls src=\"https:\/\/support.allstream.com\/wp-content\/uploads\/2022\/09\/VIDEO-Fixed-Charges-and-Usage-Reports-FR.mp4\"><\/video><\/figure>\n\n\n\n<hr class=\"wp-block-separator has-css-opacity is-style-wide\"\/>\n\n\n\n<p id=\"customfr\">&nbsp;<\/p>\n\n\n\n<h2 class=\"wp-block-heading\">Les rapports personnalis\u00e9s<\/h2>\n\n\n\n<p>Ma\u00eetrisez les rapports personnalis\u00e9s comme un pro, ce qui inclut la cr\u00e9ation, la gestion, la visualisation et l\u2019exportation de donn\u00e9es. Il est m\u00eame possible d\u2019inclure des descriptions de donn\u00e9es personnalis\u00e9es! <\/p>\n\n\n\n<figure class=\"wp-block-video\"><video height=\"720\" style=\"aspect-ratio: 1280 \/ 720;\" width=\"1280\" controls src=\"https:\/\/support.allstream.com\/wp-content\/uploads\/2022\/09\/VIDEO-Custom-Reports-FR.mp4\"><\/video><\/figure>\n\n\n\n<hr class=\"wp-block-separator has-css-opacity is-style-wide\"\/>\n\n\n\n<p id=\"scheduledfr\">&nbsp;<\/p>\n\n\n\n<h2 class=\"wp-block-heading\">La configuration des rapports planifi\u00e9s<\/h2>\n\n\n\n<p>D\u00e9couvrez comment programmer des rapports personnalis\u00e9s&nbsp;et permettre&nbsp;la g\u00e9n\u00e9ration et la diffusion automatis\u00e9es de tels rapports :<\/p>\n\n\n\n<figure class=\"wp-block-video\"><video height=\"720\" style=\"aspect-ratio: 1280 \/ 720;\" width=\"1280\" controls src=\"https:\/\/support.allstream.com\/wp-content\/uploads\/2022\/09\/VIDEO-Scheduled-Reports-FR.mp4\"><\/video><\/figure>\n\n\n\n<p><a href=\"https:\/\/support.allstream.com\/fr\/annonce-de-loutil-de-creation-de-rapports-allstream\/\"><strong>Retour \u00e0 l&#8217;annonce du rapport Allstream &gt;&gt;<\/strong><\/a><\/p>\n","protected":false},"excerpt":{"rendered":"<p>Vid\u00e9o de pr\u00e9sentation des rapports du portail&nbsp;Allstream Acc\u00e8der&nbsp;aux rapports du portail&nbsp;Allstream&nbsp; Les rapports standard&nbsp; Afficher et exporter les rapports sur les frais fixes et les rapports d\u2019utilisation&nbsp; Les rapports personnalis\u00e9s&nbsp; La configuration des rapports planifi\u00e9s&nbsp; Retour \u00e0 l&#8217;annonce du rapport Allstream &gt;&gt; &nbsp; Vid\u00e9o de pr\u00e9sentation des rapports du portail&nbsp;Allstream&#8230;<\/p>\n","protected":false},"author":16,"featured_media":0,"parent":0,"menu_order":0,"comment_status":"closed","ping_status":"closed","template":"","meta":{"footnotes":""},"class_list":["post-2227","page","type-page","status-publish","hentry"],"aioseo_notices":[],"_links":{"self":[{"href":"https:\/\/support.allstream.com\/fr\/wp-json\/wp\/v2\/pages\/2227","targetHints":{"allow":["GET"]}}],"collection":[{"href":"https:\/\/support.allstream.com\/fr\/wp-json\/wp\/v2\/pages"}],"about":[{"href":"https:\/\/support.allstream.com\/fr\/wp-json\/wp\/v2\/types\/page"}],"author":[{"embeddable":true,"href":"https:\/\/support.allstream.com\/fr\/wp-json\/wp\/v2\/users\/16"}],"replies":[{"embeddable":true,"href":"https:\/\/support.allstream.com\/fr\/wp-json\/wp\/v2\/comments?post=2227"}],"version-history":[{"count":0,"href":"https:\/\/support.allstream.com\/fr\/wp-json\/wp\/v2\/pages\/2227\/revisions"}],"wp:attachment":[{"href":"https:\/\/support.allstream.com\/fr\/wp-json\/wp\/v2\/media?parent=2227"}],"curies":[{"name":"wp","href":"https:\/\/api.w.org\/{rel}","templated":true}]}}