{"id":2141,"date":"2020-08-25T17:19:27","date_gmt":"2020-08-25T17:19:27","guid":{"rendered":"https:\/\/allstreamsupport.burbledev.com\/?page_id=2141"},"modified":"2020-08-25T17:19:29","modified_gmt":"2020-08-25T17:19:29","slug":"formulaire-de-demande-bgp","status":"publish","type":"page","link":"https:\/\/support.allstream.com\/fr\/formulaire-de-demande-bgp\/","title":{"rendered":"Formulaire de demande BGP"},"content":{"rendered":"\n<p>Veuillez compl\u00e9ter le bon de commande au complet. Vos r\u00e9ponses d\u00e9taill\u00e9es nous permettront d&#8217;apporter une r\u00e9ponse rapide et appropri\u00e9e \u00e0 votre demande.<\/p>\n\n\n\n<p>Chaque champ est obligatoire sauf indication contraire.<\/p>\n\n\n\n<p><\/p>\n\n\n\n<div class=\"frm_forms  with_frm_style frm_style_formidable-style\" id=\"frm_form_9_container\" >\n<form enctype=\"multipart\/form-data\" method=\"post\" class=\"frm-show-form  frm_pro_form  frm_logic_form \" id=\"form_bgprequestform1280285e16\" >\n<div class=\"frm_form_fields  form-group\">\n<fieldset>\n<legend class=\"frm_screen_reader\">Formulaire de demande pour le protocole BGP<\/legend>\r\n\r\n<div class=\"frm_fields_container\">\n<input type=\"hidden\" name=\"frm_action\" value=\"create\" \/>\n<input type=\"hidden\" name=\"form_id\" value=\"9\" \/>\n<input type=\"hidden\" name=\"frm_hide_fields_9\" id=\"frm_hide_fields_9\" value=\"\" \/>\n<input type=\"hidden\" name=\"form_key\" value=\"bgprequestform1280285e16\" \/>\n<input type=\"hidden\" name=\"item_meta[0]\" value=\"\" \/>\n<input type=\"hidden\" id=\"frm_submit_entry_9\" name=\"frm_submit_entry_9\" value=\"18e3fc54a5\" \/><input type=\"hidden\" name=\"_wp_http_referer\" value=\"\/fr\/wp-json\/wp\/v2\/pages\/2141\" \/><div id=\"frm_field_223_container\" class=\"frm_form_field form-field  frm_required_field form-group frm_top_container\">\r\n    <label for=\"field_7hz6bf3cc9d7f45\" id=\"field_7hz6bf3cc9d7f45_label\" class=\"frm_primary_label control-label\">Num\u00e9ro de demande (assign\u00e9 par le service \u00e0 la client\u00e8le d\u2019Allstream)\r\n        <span class=\"frm_required\">*<\/span>\r\n    <\/label>\r\n    <input type=\"text\" id=\"field_7hz6bf3cc9d7f45\" name=\"item_meta[223]\" value=\"\"  data-reqmsg=\"Ce champ est obligatoire.\" aria-required=\"true\" data-invmsg=\"Text is invalid\" class=\"form-control\" aria-invalid=\"false\"  \/>\r\n    \r\n    \r\n<\/div>\n<div id=\"frm_field_224_container\" class=\"frm_form_field form-field  frm_required_field form-group frm_top_container\">\r\n    <label for=\"field_uzb5iffed434e87\" id=\"field_uzb5iffed434e87_label\" class=\"frm_primary_label control-label\">Nom de l\u2019entreprise\r\n        <span class=\"frm_required\">*<\/span>\r\n    <\/label>\r\n    <input type=\"text\" id=\"field_uzb5iffed434e87\" name=\"item_meta[224]\" value=\"\"  data-reqmsg=\"Ce champ est obligatoire.\" aria-required=\"true\" data-invmsg=\"Text is invalid\" class=\"form-control\" aria-invalid=\"false\"  \/>\r\n    \r\n    \r\n<\/div>\n<div id=\"frm_field_225_container\" class=\"frm_form_field form-field  frm_required_field form-group frm_top_container\">\r\n    <label for=\"field_u83kd635e5d6939\" id=\"field_u83kd635e5d6939_label\" class=\"frm_primary_label control-label\">Repr\u00e9sentant d\u2019Allstream\r\n        <span class=\"frm_required\">*<\/span>\r\n    <\/label>\r\n    <input type=\"text\" id=\"field_u83kd635e5d6939\" name=\"item_meta[225]\" value=\"\"  data-reqmsg=\"Ce champ est obligatoire.\" aria-required=\"true\" data-invmsg=\"Text is invalid\" class=\"form-control\" aria-invalid=\"false\"  \/>\r\n    \r\n    \r\n<\/div>\n<div id=\"frm_field_226_container\" class=\"frm_form_field form-field  frm_required_field form-group frm_top_container frm_two_thirds\">\r\n    <label for=\"field_adpl1f189f53924\" id=\"field_adpl1f189f53924_label\" class=\"frm_primary_label control-label\">March\u00e9 d\u2019Allstream\r\n        <span class=\"frm_required\">*<\/span>\r\n    <\/label>\r\n    \t\t<select name=\"item_meta[226]\" id=\"field_adpl1f189f53924\"  data-reqmsg=\"Ce champ est obligatoire.\" aria-required=\"true\" data-invmsg=\"March\u00e9 d\u2019Allstream is invalid\" class=\"form-control\" aria-invalid=\"false\"  >\n\t\t<option  value=\"-Select-\">-Select-<\/option><option  value=\"\u00c9tats Unis\">\u00c9tats Unis<\/option><option  value=\"Canada\">Canada<\/option>\t<\/select>\n\t\r\n    \r\n    \r\n<\/div>\n<div id=\"frm_field_227_container\" class=\"frm_form_field form-field  frm_required_field form-group frm_top_container frm_two_thirds\">\r\n    <label for=\"field_qyk1wadf36dce5e\" id=\"field_qyk1wadf36dce5e_label\" class=\"frm_primary_label control-label\">Nom du contact\r\n        <span class=\"frm_required\">*<\/span>\r\n    <\/label>\r\n    <input type=\"text\" id=\"field_qyk1wadf36dce5e\" name=\"item_meta[227]\" value=\"\"  data-reqmsg=\"Ce champ est obligatoire.\" aria-required=\"true\" data-invmsg=\"Text is invalid\" class=\"form-control\" aria-invalid=\"false\"  \/>\r\n    \r\n    \r\n<\/div>\n<div id=\"frm_field_228_container\" class=\"frm_form_field form-field  frm_required_field form-group frm_top_container frm_third\">\r\n    <label for=\"field_u7qrt6366c2995a\" id=\"field_u7qrt6366c2995a_label\" class=\"frm_primary_label control-label\">Num\u00e9ro de t\u00e9l\u00e9phone du contact\r\n        <span class=\"frm_required\">*<\/span>\r\n    <\/label>\r\n    <input type=\"tel\" id=\"field_u7qrt6366c2995a\" name=\"item_meta[228]\" value=\"\"  data-frmmask=\"9 (999)-999-9999\" data-reqmsg=\"Ce champ est obligatoire.\" aria-required=\"true\" data-invmsg=\"Num\u00e9ro de t\u00e9l\u00e9phone du contact n\u2019est pas valide.\" class=\"form-control\" aria-invalid=\"false\" pattern=\"\\d \\(\\d\\d\\d\\)-\\d\\d\\d-\\d\\d\\d\\d$\"  \/>\r\n    \r\n    \r\n<\/div>\n<div id=\"frm_field_229_container\" class=\"frm_form_field form-field  frm_required_field form-group frm_top_container\">\r\n    <label for=\"field_snoen1af082b14e\" id=\"field_snoen1af082b14e_label\" class=\"frm_primary_label control-label\">Adresse de courriel du contact\r\n        <span class=\"frm_required\">*<\/span>\r\n    <\/label>\r\n    <input type=\"email\" id=\"field_snoen1af082b14e\" name=\"item_meta[229]\" value=\"\"  data-reqmsg=\"Ce champ est obligatoire.\" aria-required=\"true\" data-invmsg=\"Adresse de courriel du contact n\u2019est pas valide.\" class=\"form-control\" aria-invalid=\"false\"  \/>\r\n    \r\n    \r\n<\/div>\n<div id=\"frm_field_230_container\" class=\"frm_form_field form-field  frm_required_field form-group frm_top_container vertical_radio\">\r\n    <div  id=\"field_oplbm5edc4953f0_label\" class=\"frm_primary_label control-label\">Votre contact technique est-il le m\u00eame que votre contact principal?\r\n        <span class=\"frm_required\">*<\/span>\r\n    <\/div>\r\n    <div class=\"frm_opt_container\" aria-labelledby=\"field_oplbm5edc4953f0_label\" role=\"radiogroup\" aria-required=\"true\">\t\t<div class=\"frm_radio radio\" id=\"frm_radio_230-0\">\t\t\t<label  for=\"field_oplbm5edc4953f0-0\">\n\t\t\t\t\t<input type=\"radio\" name=\"item_meta[230]\" id=\"field_oplbm5edc4953f0-0\" value=\"Oui\"\n\t\t data-reqmsg=\"Votre contact technique est-il le m\u00eame que votre contact principal? is required.\" data-invmsg=\"Votre contact technique est-il le m\u00eame que votre contact principal? is invalid\"   \/> Oui<\/label><\/div>\n\t\t<div class=\"frm_radio radio\" id=\"frm_radio_230-1\">\t\t\t<label  for=\"field_oplbm5edc4953f0-1\">\n\t\t\t\t\t<input type=\"radio\" name=\"item_meta[230]\" id=\"field_oplbm5edc4953f0-1\" value=\"Non\"\n\t\t data-reqmsg=\"Votre contact technique est-il le m\u00eame que votre contact principal? is required.\" data-invmsg=\"Votre contact technique est-il le m\u00eame que votre contact principal? is invalid\"   \/> Non<\/label><\/div>\n<\/div>\r\n    \r\n    \r\n<\/div>\n<div id=\"frm_field_231_container\" class=\"frm_form_field form-field  frm_required_field form-group frm_top_container\">\r\n    <label for=\"field_gl6f1e69750df6a\" id=\"field_gl6f1e69750df6a_label\" class=\"frm_primary_label control-label\">Nom ou entreprise du contact technique\r\n        <span class=\"frm_required\">*<\/span>\r\n    <\/label>\r\n    <input type=\"text\" id=\"field_gl6f1e69750df6a\" name=\"item_meta[231]\" value=\"\"  data-reqmsg=\"Ce champ est obligatoire.\" aria-required=\"true\" data-invmsg=\"Text is invalid\" class=\"form-control\" aria-invalid=\"false\"  \/>\r\n    \r\n    \r\n<\/div>\n<div id=\"frm_field_232_container\" class=\"frm_form_field form-field  frm_required_field form-group frm_top_container\">\r\n    <label for=\"field_yo8sz9427cda060\" id=\"field_yo8sz9427cda060_label\" class=\"frm_primary_label control-label\">Num\u00e9ro de t\u00e9l\u00e9phone du contact technique\r\n        <span class=\"frm_required\">*<\/span>\r\n    <\/label>\r\n    <input type=\"tel\" id=\"field_yo8sz9427cda060\" name=\"item_meta[232]\" value=\"\"  data-reqmsg=\"Ce champ est obligatoire.\" aria-required=\"true\" data-invmsg=\"Num\u00e9ro de t\u00e9l\u00e9phone du contact technique n\u2019est pas valide.\" class=\"form-control\" aria-invalid=\"false\" pattern=\"((\\+\\d{1,3}(-|.| )?\\(?\\d\\)?(-| |.)?\\d{1,5})|(\\(?\\d{2,6}\\)?))(-|.| )?(\\d{3,4})(-|.| )?(\\d{4})(( x| ext)\\d{1,5}){0,1}$\"  \/>\r\n    \r\n    \r\n<\/div>\n<div id=\"frm_field_233_container\" class=\"frm_form_field form-field  frm_required_field form-group frm_top_container\">\r\n    <label for=\"field_e1f9n8067e01553\" id=\"field_e1f9n8067e01553_label\" class=\"frm_primary_label control-label\">Adresse de courriel du contact technique\r\n        <span class=\"frm_required\">*<\/span>\r\n    <\/label>\r\n    <input type=\"email\" id=\"field_e1f9n8067e01553\" name=\"item_meta[233]\" value=\"\"  data-reqmsg=\"Ce champ est obligatoire.\" aria-required=\"true\" data-invmsg=\"Adresse de courriel du contact technique n\u2019est pas valide.\" class=\"form-control\" aria-invalid=\"false\"  \/>\r\n    \r\n    \r\n<\/div>\n<div id=\"frm_field_234_container\" class=\"frm_form_field form-field  frm_required_field form-group frm_top_container frm_half vertical_radio\">\r\n    <div  id=\"field_ybkjz317bc1ff4a_label\" class=\"frm_primary_label control-label\">Type de num\u00e9ro de syst\u00e8me autonome (ASN)\r\n        <span class=\"frm_required\">*<\/span>\r\n    <\/div>\r\n    <div class=\"frm_opt_container\" aria-labelledby=\"field_ybkjz317bc1ff4a_label\" role=\"radiogroup\" aria-required=\"true\">\t\t<div class=\"frm_radio radio\" id=\"frm_radio_234-0\">\t\t\t<label  for=\"field_ybkjz317bc1ff4a-0\">\n\t\t\t\t\t<input type=\"radio\" name=\"item_meta[234]\" id=\"field_ybkjz317bc1ff4a-0\" value=\"Public\"\n\t\t data-reqmsg=\"Ce champ est obligatoire.\" data-invmsg=\"Type de num\u00e9ro de syst\u00e8me autonome (ASN) is invalid\"   \/> Public<\/label><\/div>\n\t\t<div class=\"frm_radio radio\" id=\"frm_radio_234-1\">\t\t\t<label  for=\"field_ybkjz317bc1ff4a-1\">\n\t\t\t\t\t<input type=\"radio\" name=\"item_meta[234]\" id=\"field_ybkjz317bc1ff4a-1\" value=\"Priv\u00e9 (doit \u00eatre un rattachement multiple avec Allstream comme seul fournisseur)\"\n\t\t data-reqmsg=\"Ce champ est obligatoire.\" data-invmsg=\"Type de num\u00e9ro de syst\u00e8me autonome (ASN) is invalid\"   \/> Priv\u00e9 (doit \u00eatre un rattachement multiple avec Allstream comme seul fournisseur)<\/label><\/div>\n<\/div>\r\n    \r\n    \r\n<\/div>\n<div id=\"frm_field_235_container\" class=\"frm_form_field form-field  frm_required_field form-group frm_top_container\">\r\n    <label for=\"field_6v4e55e6e929617\" id=\"field_6v4e55e6e929617_label\" class=\"frm_primary_label control-label\">Adresse IP de connexion\r\n        <span class=\"frm_required\">*<\/span>\r\n    <\/label>\r\n    <input type=\"text\" id=\"field_6v4e55e6e929617\" name=\"item_meta[235]\" value=\"\"  data-frmmask=\"999.999.999.999\" data-reqmsg=\"\" aria-required=\"true\" data-invmsg=\"Texte n\u2019est pas valide.\" class=\"form-control\" aria-invalid=\"false\" pattern=\"\\d\\d\\d\\.\\d\\d\\d\\.\\d\\d\\d\\.\\d\\d\\d$\"  \/>\r\n    \r\n    \r\n<\/div>\n<div id=\"frm_field_236_container\" class=\"frm_form_field form-field  frm_required_field form-group frm_top_container\">\r\n    <label for=\"field_mmssmdf97abaaa0\" id=\"field_mmssmdf97abaaa0_label\" class=\"frm_primary_label control-label\">Liaisons annonc\u00e9es DEPUIS Allstream\r\n        <span class=\"frm_required\">*<\/span>\r\n    <\/label>\r\n    \t\t<select name=\"item_meta[236]\" id=\"field_mmssmdf97abaaa0\"  data-reqmsg=\"Ce champ est obligatoire.\" aria-required=\"true\" data-invmsg=\"Liaisons annonc\u00e9es DEPUIS Allstream is invalid\" class=\"form-control\" aria-invalid=\"false\"  >\n\t\t<option  value=\"-Select-\">-Select-<\/option><option  value=\"Liaisons d\u2019Allstream et des clients\">Liaisons d\u2019Allstream et des clients<\/option><option  value=\"Allstream and Customer Routes\">Allstream and Customer Routes<\/option><option  value=\"Liaisons d\u2019Allstream et des clients, et liaisons par d\u00e9faut\">Liaisons d\u2019Allstream et des clients, et liaisons par d\u00e9faut<\/option><option  value=\"Liaison par d\u00e9faut seulement\">Liaison par d\u00e9faut seulement<\/option>\t<\/select>\n\t\r\n    \r\n    \r\n<\/div>\n<div id=\"frm_field_237_container\" class=\"frm_form_field form-field  frm_required_field form-group frm_top_container\">\r\n    <label for=\"field_nvmnw083990bf47\" id=\"field_nvmnw083990bf47_label\" class=\"frm_primary_label control-label\">Liaisons annonc\u00e9es VERS Allstream (les blocs \/24 sont les plus petits qu\u2019Allstream accepte. Des exceptions peuvent \u00eatre faites pour les clients qui ont un syst\u00e8me autonome priv\u00e9.)\r\n        <span class=\"frm_required\">*<\/span>\r\n    <\/label>\r\n    <input type=\"text\" id=\"field_nvmnw083990bf47\" name=\"item_meta[237]\" value=\"\"  placeholder=\"Indiquez tous les blocs \u00e0 acheminer (s\u00e9par\u00e9s par une espace, par exemple : xxx.xxx.xxx.0\/24 xxx.xxx.0.0\/16).\" data-reqmsg=\"Ce champ est obligatoire.\" aria-required=\"true\" data-invmsg=\"Text is invalid\" class=\"form-control\" aria-invalid=\"false\"  \/>\r\n    \r\n    \r\n<\/div>\n<div id=\"frm_field_238_container\" class=\"frm_form_field form-field  form-group frm_top_container\">\r\n    <label for=\"field_yq3l6326a46e09\" id=\"field_yq3l6326a46e09_label\" class=\"frm_primary_label control-label\">Commentaires\r\n        <span class=\"frm_required\"><\/span>\r\n    <\/label>\r\n    <input type=\"text\" id=\"field_yq3l6326a46e09\" name=\"item_meta[238]\" value=\"\"  data-invmsg=\"Text is invalid\" class=\"form-control\" aria-invalid=\"false\"  \/>\r\n    \r\n    \r\n<\/div>\n<div id=\"frm_field_239_container\" class=\"frm_form_field form-field  frm_required_field form-group frm_top_container vertical_radio\">\r\n    <div  id=\"field_5sctn182fdbf7e2_label\" class=\"frm_primary_label control-label\">Conditions (le client DOIT accepter les conditions pour pouvoir soumettre une demande de protocole BGP.)\r\n        <span class=\"frm_required\">*<\/span>\r\n    <\/div>\r\n    <div class=\"frm_opt_container\" aria-labelledby=\"field_5sctn182fdbf7e2_label\" role=\"group\">\t\t<div class=\"frm_checkbox checkbox\" id=\"frm_checkbox_239-0\">\t\t\t<label  for=\"field_5sctn182fdbf7e2-0\">\n\t\t\t<input type=\"checkbox\" name=\"item_meta[239][]\" id=\"field_5sctn182fdbf7e2-0\" value=\"J\u2019accepte les conditions relatives au protocole BGP d\u2019Allstream.\"  data-reqmsg=\"Ce champ est obligatoire.\" data-invmsg=\"Conditions (le client DOIT accepter les conditions pour pouvoir soumettre une demande de protocole BGP.) is invalid\"   aria-required=\"true\"  \/> J\u2019accepte les conditions relatives au protocole BGP d\u2019Allstream.<\/label><\/div>\n<\/div>\r\n    \r\n    \r\n<\/div>\n\t<input type=\"hidden\" name=\"item_key\" value=\"\" \/>\n\t\t\t<div id=\"frm_field_299_container\">\n\t\t\t<label for=\"field_l5ol0\" >\n\t\t\t\tIf you are human, leave this field blank.\t\t\t<\/label>\n\t\t\t<input  id=\"field_l5ol0\" type=\"text\" class=\"frm_form_field form-field frm_verify\" name=\"item_meta[299]\" value=\"\"  \/>\n\t\t<\/div>\n\t\t<input name=\"frm_state\" type=\"hidden\" value=\"KhMYIjStAa2Wa0bKeod05isKy3kP6CoGlXxMTNPNDQQ=\" \/><div class=\"form-group frm_submit\">\r\n\r\n<button class=\"frm_button_submit btn btn-default frm_final_submit\" type=\"submit\"   formnovalidate=\"formnovalidate\">Soumettre<\/button>\r\n\r\n<\/div><\/div>\n<\/fieldset>\n<\/div>\n\n<\/form>\n<\/div>\n\n","protected":false},"excerpt":{"rendered":"<p>Veuillez compl\u00e9ter le bon de commande au complet. Vos r\u00e9ponses d\u00e9taill\u00e9es nous permettront d&#8217;apporter une r\u00e9ponse rapide et appropri\u00e9e \u00e0 votre demande. Chaque champ est obligatoire sauf indication contraire.<\/p>\n","protected":false},"author":16,"featured_media":0,"parent":0,"menu_order":0,"comment_status":"closed","ping_status":"closed","template":"","meta":{"footnotes":""},"class_list":["post-2141","page","type-page","status-publish","hentry"],"aioseo_notices":[],"_links":{"self":[{"href":"https:\/\/support.allstream.com\/fr\/wp-json\/wp\/v2\/pages\/2141","targetHints":{"allow":["GET"]}}],"collection":[{"href":"https:\/\/support.allstream.com\/fr\/wp-json\/wp\/v2\/pages"}],"about":[{"href":"https:\/\/support.allstream.com\/fr\/wp-json\/wp\/v2\/types\/page"}],"author":[{"embeddable":true,"href":"https:\/\/support.allstream.com\/fr\/wp-json\/wp\/v2\/users\/16"}],"replies":[{"embeddable":true,"href":"https:\/\/support.allstream.com\/fr\/wp-json\/wp\/v2\/comments?post=2141"}],"version-history":[{"count":0,"href":"https:\/\/support.allstream.com\/fr\/wp-json\/wp\/v2\/pages\/2141\/revisions"}],"wp:attachment":[{"href":"https:\/\/support.allstream.com\/fr\/wp-json\/wp\/v2\/media?parent=2141"}],"curies":[{"name":"wp","href":"https:\/\/api.w.org\/{rel}","templated":true}]}}