{"id":2131,"date":"2020-07-31T15:36:01","date_gmt":"2020-07-31T15:36:01","guid":{"rendered":"https:\/\/allstreamsupport.burbledev.com\/?page_id=2131"},"modified":"2021-10-21T20:07:09","modified_gmt":"2021-10-21T20:07:09","slug":"annonce-de-loutil-de-creation-de-rapports-allstream","status":"publish","type":"page","link":"https:\/\/support.allstream.com\/fr\/annonce-de-loutil-de-creation-de-rapports-allstream\/","title":{"rendered":"Annonce des rapports Allstream"},"content":{"rendered":"\n<h3 class=\"wp-block-heading\">NOUS SOMMES RAVIS DE VOUS PR\u00c9SENTER LES RAPPORTS DU PORTAIL ALLSTREAM, VERSION REVUE ET AM\u00c9LIOR\u00c9E!<\/h3>\n\n\n\n<p>L\u2019\u00e9quipe&nbsp;Allstream&nbsp;est ravie d\u2019annoncer que vous pouvez dor\u00e9navant consulter, g\u00e9n\u00e9rer et t\u00e9l\u00e9charger vos rapports directement dans le portail&nbsp;Allstream! Vous b\u00e9n\u00e9ficierez ainsi du m\u00eame niveau de d\u00e9tail et de fonctionnalit\u00e9, sans co\u00fbt suppl\u00e9mentaire.&nbsp;&nbsp;<\/p>\n\n\n\n<h4 class=\"wp-block-heading\"><strong>Quoi de neuf?<\/strong>&nbsp;<\/h4>\n\n\n\n<p>\u00c0 compter du 1<sup>er<\/sup>\u00a0mai 2021, il ne sera plus possible d\u2019acc\u00e9der \u00e0\u00a0GestionCom. Pour en savoir plus sur ce que vous devez faire avant la mise hors service, veuillez consulter la section <a href=\"#1\">Comment vous pr\u00e9parer <\/a>ci-dessous.\u00a0<\/p>\n\n\n\n<p>Nous vous invitons \u00e0 consulter les mises \u00e0 jour de la section&nbsp;<a href=\"#2\">Formation et soutien<\/a>&nbsp;ci-dessous, o\u00f9 vous pourrez en savoir plus sur la nouvelle&nbsp;<a href=\"#reportingteamfr\">\u00e9quipe de soutien<\/a>&nbsp;en place relativement aux rapports d\u2019Allstream.&nbsp;Vous y trouverez \u00e9galement des liens vers des&nbsp;<a href=\"#demos\">vid\u00e9os de d\u00e9monstration<\/a>&nbsp;et des&nbsp;<a href=\"#userguidesfr\">guides d\u2019utilisation<\/a>&nbsp;que nous avons pr\u00e9par\u00e9s afin de faciliter votre transition. Vous pourrez ainsi vous familiariser avec les nouveaux rapports et en tirer le meilleur parti, et ce, le plus rapidement possible.&nbsp;<\/p>\n\n\n\n<p>Nous vous rappelons de t\u00e9l\u00e9charger les&nbsp;donn\u00e9es <a href=\"#1\">historiques&nbsp;ou les&nbsp;rapports personnalis\u00e9s<\/a>&nbsp;dont vous pourriez avoir besoin.<\/p>\n\n\n\n<h4 class=\"wp-block-heading\">Pourquoi ce changement?&nbsp;<\/h4>\n\n\n\n<p>Nous voulons vous offrir un portail vous permettant d\u2019obtenir des renseignements utilisables.&nbsp;C\u2019est \u00e0 la page des rapports du portail Allstream que vous trouverez le sommaire de vos d\u00e9tails de facturation et les rapports \u00e0 l\u2019appui, le tout au m\u00eame endroit.&nbsp;<\/p>\n\n\n\n<p>Voici ce que cette nouvelle fonction vous permettra de faire :<\/p>\n\n\n\n<ul class=\"wp-block-list\"><li>Acc\u00e9der aux factures et aux donn\u00e9es des rapports, les g\u00e9rer et les t\u00e9l\u00e9charger au m\u00eame endroit.<\/li><li>Choisir parmi une vaste biblioth\u00e8que de rapports pr\u00e9d\u00e9finis sur les appels interurbains, l\u2019utilisation et la facturation.<\/li><li>Produire des rapports sur tous les frais fixes et les donn\u00e9es d\u2019utilisation disponibles pour un seul mois de facturation, et ce, pour une p\u00e9riode pouvant aller jusqu\u2019\u00e0 12 mois.<\/li><li>Cr\u00e9er et g\u00e9rer des rapports personnalis\u00e9s fond\u00e9s sur tous les frais fixes et les donn\u00e9es d\u2019utilisation.<\/li><li>Planifier la production et la distribution des rapports sur une base hebdomadaire ou mensuelle.<\/li><\/ul>\n\n\n\n<h4 class=\"wp-block-heading\">Voici ce que vous devez savoir : <\/h4>\n\n\n\n<p><a href=\"#1\">1. Comment vous pr\u00e9parer<\/a><\/p>\n\n\n\n<p><a href=\"#2\">2. Formation et soutien<\/a><\/p>\n\n\n\n<p><a href=\"#3\">3. Acc\u00e8s<\/a><\/p>\n\n\n\n<p><a href=\"#4\">4. Rapports<\/a><\/p>\n\n\n\n<p><a href=\"#5\">5. Fonctions et fonctionnalit\u00e9s<\/a><\/p>\n\n\n\n<hr class=\"wp-block-separator is-style-wide\"\/>\n\n\n\n<p id=\"1\">&nbsp;<\/p>\n\n\n\n<h2 class=\"wp-block-heading\">Comment vous pr\u00e9parer<\/h2>\n\n\n\n<p>Nous savons que vous comptez sur vos rapports actuels pour mieux comprendre vos relev\u00e9s de facturation. Vous allez trouver que les nouveaux rapports du portail&nbsp;Allstream&nbsp;sont simples et intuitifs et qu\u2019ils vous en offrent plus que ce que vous aviez auparavant. Mais nous savons que vous aurez besoin d\u2019un certain temps pour vous y habituer.&nbsp;&nbsp;<\/p>\n\n\n\n<p><strong>Rappelez-vous<\/strong>&nbsp;que les rapports du portail&nbsp;Allstream&nbsp;ne pr\u00e9senteront que 12 mois de donn\u00e9es.&nbsp;Les clients&nbsp;<strong>qui ont acc\u00e8s \u00e0&nbsp;GestionCom<\/strong>&nbsp;et&nbsp;<strong>qui ont besoin<\/strong>&nbsp;de rapports remontant \u00e0 plus de 12 mois devront t\u00e9l\u00e9charger ces rapports dans&nbsp;GestionCom.&nbsp;&nbsp;&nbsp;<\/p>\n\n\n\n<p>Il pourrait aussi \u00eatre avantageux de t\u00e9l\u00e9charger la version la plus \u00e0 jour de tout rapport personnalis\u00e9 que vous produisez au moyen de&nbsp;GestionCom. Nous pourrons ainsi vous aider \u00e0 reconstituer ces rapports pour les utiliser dans le portail&nbsp;Allstream.&nbsp;<\/p>\n\n\n\n<p>\u00c0 compter du 1<sup>er<\/sup>&nbsp;mai 2021,&nbsp;GestionCom&nbsp;ne sera plus accessible. L\u2019outil demeurera en ligne jusqu\u2019au 30 avril 2021 : nous vous invitons donc dans l\u2019intervalle \u00e0 t\u00e9l\u00e9charger les donn\u00e9es historiques et les rapports personnalis\u00e9s dont vous pourriez avoir besoin.&nbsp;<\/p>\n\n\n\n<hr class=\"wp-block-separator is-style-wide\"\/>\n\n\n\n<p id=\"2\">&nbsp;<\/p>\n\n\n\n<h2 class=\"wp-block-heading\">Formation et soutien<\/h2>\n\n\n\n<p>L&#8217;acc\u00e8s \u00e0 vos rapports \u00e0 l&#8217;aide du portail Allstream est d\u00e9sormais disponible. <\/p>\n\n\n\n<p>Nous voulons nous assurer que vous avez l\u2019aide n\u00e9cessaire pour vous pr\u00e9parer \u00e0 les utiliser. \u00c0 cette fin, nous avons pr\u00e9par\u00e9 tout le mat\u00e9riel dont vous aurez besoin pour vous familiariser avec vos nouveaux rapports, \u00e9laborer des rapports personnalis\u00e9s et bien d\u2019autres choses encore.&nbsp;<\/p>\n\n\n\n<p>Nous avons \u00e9galement assembl\u00e9 un groupe d\u2019experts au sein de notre nouvelle \u00e9quipe de soutien aux rapports. Ils sont \u00e0 votre disposition \u2013 tout comme votre conseiller ou les pr\u00e9pos\u00e9s de l\u2019Assistance \u00e0 la client\u00e8le \u2013 pour r\u00e9pondre \u00e0 toutes vos questions sur les nouveaux rapports du portail&nbsp;Allstream.&nbsp;<\/p>\n\n\n\n<p id=\"demos\">&nbsp;<\/p>\n\n\n\n<h4 class=\"wp-block-heading\">Vid\u00e9os de d\u00e9monstration&nbsp;<\/h4>\n\n\n\n<p>Nos <a href=\"https:\/\/support.allstream.com\/fr\/videos-sur-les-rapports-du-portail-allstream\/\">vid\u00e9os de d\u00e9monstration<\/a> offrent une approche informative et visuelle pour apprendre les tenants et aboutissants des nouveaux rapports sur les frais fixes et l\u2019utilisation, sans oublier les rapports planifi\u00e9s et personnalis\u00e9s.&nbsp;&nbsp;&nbsp;<\/p>\n\n\n\n<p><a href=\"https:\/\/support.allstream.com\/fr\/videos-sur-les-rapports-du-portail-allstream\/#overview\">Vid\u00e9o de pr\u00e9sentation des rapports du portail Allstream<\/a> \u2013 Obtenez une vue d\u2019ensemble des nouvelles fonctions de rapports du portail d\u2019Allstream, comment elles remplacent les rapports de&nbsp;GestionCom&nbsp;et de&nbsp;GestionCom&nbsp;Plus, o\u00f9 obtenir de l\u2019aide, et plus encore!&nbsp;<\/p>\n\n\n\n<p><a href=\"https:\/\/support.allstream.com\/fr\/videos-sur-les-rapports-du-portail-allstream\/#accessfr\">Acc\u00e8s aux rapports<\/a> \u2013 Constatez par vous-m\u00eame comme il est facile d\u2019acc\u00e9der aux nouveaux rapports dans le portail&nbsp;Allstream.&nbsp;<\/p>\n\n\n\n<p><a href=\"https:\/\/support.allstream.com\/fr\/videos-sur-les-rapports-du-portail-allstream\/#standardfr\">Rapports standard<\/a> \u2013 Apprenez \u00e0 consulter, \u00e0 g\u00e9n\u00e9rer et \u00e0 exporter des donn\u00e9es \u00e0 partir d\u2019une biblioth\u00e8que de rapports pr\u00e9d\u00e9finis sur les appels interurbains, l\u2019utilisation et la facturation.&nbsp;<\/p>\n\n\n\n<p><a href=\"https:\/\/support.allstream.com\/fr\/videos-sur-les-rapports-du-portail-allstream\/#fixedusagefr\">Visualisation et exportation des rapports sur les frais fixes et l\u2019utilisation<\/a> \u2013 D\u00e9couvrez comment visualiser, trier et exporter les donn\u00e9es relatives \u00e0 tous les frais fixes et \u00e0 l\u2019ensemble de l\u2019utilisation.&nbsp;<\/p>\n\n\n\n<p><a href=\"https:\/\/support.allstream.com\/fr\/videos-sur-les-rapports-du-portail-allstream\/#customfr\">Rapports personnalis\u00e9s<\/a> \u2013 Ma\u00eetrisez les rapports personnalis\u00e9s comme un pro, ce qui inclut la cr\u00e9ation, la gestion, la visualisation et l\u2019exportation de donn\u00e9es. Il est m\u00eame possible d\u2019inclure des descriptions de donn\u00e9es personnalis\u00e9es!&nbsp;&nbsp;<\/p>\n\n\n\n<p><a href=\"https:\/\/support.allstream.com\/fr\/videos-sur-les-rapports-du-portail-allstream\/#scheduledfr\">Configuration des rapports planifi\u00e9s<\/a> \u2013 D\u00e9couvrez comment programmer des rapports personnalis\u00e9s&nbsp;et permettre&nbsp;la g\u00e9n\u00e9ration et la diffusion automatis\u00e9es de tels rapports.&nbsp;<\/p>\n\n\n\n<p id=\"userguidesfr\">&nbsp;<\/p>\n\n\n\n<h4 class=\"wp-block-heading\">Guides d&#8217;utilisation<\/h4>\n\n\n\n<p>Notre biblioth\u00e8que de guides d\u2019utilisation fournit des informations approfondies et des instructions \u00e9tape par \u00e9tape pour toutes les fonctions du portail \u2013 qu\u2019il s\u2019agisse de la gestion de votre compte, de la facturation et du paiement, de la gestion de vos services ou des rapports comme tels.&nbsp;<\/p>\n\n\n\n<p>Vous&nbsp;pouvez consulter ces guides<s> <\/s>apr\u00e8s avoir ouvert une session dans votre compte \u00e0 l\u2019adresse&nbsp;<a href=\"https:\/\/my.allstream.com\/\" target=\"_blank\" rel=\"noreferrer noopener\">my.allstream.com<\/a>.&nbsp;Il vous suffit de s\u00e9lectionner&nbsp;<strong>Guides d\u2019utilisation<\/strong>&nbsp;dans le menu&nbsp;<strong>SOUTIEN<\/strong>.&nbsp;&nbsp;&nbsp;&nbsp;&nbsp;<\/p>\n\n\n\n<p>Vous pouvez acc\u00e9der aux rapports ici :&nbsp;<a href=\"https:\/\/my.allstream.com\/Support\/?ug#user-guide\">Guides d\u2019utilisation<\/a>&nbsp;(vous devrez ouvrir une session)<\/p>\n\n\n\n<p id=\"reportingteamfr\">&nbsp;<\/p>\n\n\n\n<h4 class=\"wp-block-heading\">\u00c9quipe de soutien aux rapports d\u2019Allstream&nbsp;<\/h4>\n\n\n\n<p>Pour vous aider \u00e0 faire la transition entre&nbsp;GestionCom&nbsp;et les rapports du portail&nbsp;Allstream, nous avons mis sur pied une \u00e9quipe de soutien aux rapports. Cette \u00e9quipe est \u00e0 votre disposition pour vous aider \u00e0 reconstituer les rapports n\u00e9cessaires \u00e0 l\u2019analyse de vos factures. Notre nouvelle solution de rapports a \u00e9t\u00e9 con\u00e7ue pour \u00eatre \u00e0 la fois intuitive et facile \u00e0 utiliser, mais nous allons plus loin \u2013 histoire de vous assurer une transition sans souci.&nbsp;<\/p>\n\n\n\n<p>Pour contacter l\u2019\u00e9quipe de soutien aux rapports, \u00e9crivez \u00e0 l\u2019adresse&nbsp;<a href=\"mailto:AllstreamReports@allstream.com\" target=\"_blank\" rel=\"noreferrer noopener\">AllstreamReports@allstream.com<\/a>. Dans votre courriel, veuillez fournir les informations suivantes :&nbsp;<\/p>\n\n\n\n<ul class=\"wp-block-list\"><li>Nom du&nbsp;compte&nbsp;<\/li><li>Num\u00e9ro&nbsp;de&nbsp;compte&nbsp;&nbsp;<\/li><li>Type de rapport \u2013 Frais fixes (p\u00e9riodiques) ou d\u2019utilisation&nbsp;<\/li><li>Disposition des colonnes et des champs du rapport&nbsp;<\/li><li>Nom du rapport&nbsp;<\/li><li>Nom de l\u2019utilisateur qui acc\u00e9dera au rapport (nous cr\u00e9erons et sauvegarderons le rapport sous le profil de cet utilisateur).&nbsp;<\/li><\/ul>\n\n\n\n<p>Nous prenons nos responsabilit\u00e9s \u00e0 c\u0153ur. Cet engagement est au centre de nos valeurs de r\u00e9activit\u00e9, de facilitation des relations d\u2019affaires et d\u2019orientation client, autant de facteurs qui nous permettent de conserver votre confiance.&nbsp;<\/p>\n\n\n\n<p>Et bien s\u00fbr, si vous avez des questions sur ces rapports nouveaux et am\u00e9lior\u00e9s, veuillez vous&nbsp;adresser \u00e0 votre conseiller ou \u00e0 un agent, Assistance \u00e0 la client\u00e8le.<\/p>\n\n\n\n<hr class=\"wp-block-separator is-style-wide\"\/>\n\n\n\n<p id=\"3\">&nbsp;<\/p>\n\n\n\n<h2 class=\"wp-block-heading\">Acc\u00e8s<\/h2>\n\n\n\n<p>Vous avez probablement de nombreuses questions telles que\u202f:<\/p>\n\n\n\n<ul class=\"wp-block-list\"><li>Comment acc\u00e9der aux nouveaux rapports?<\/li><li>\u00c0 quelle fr\u00e9quence pourrai-je y acc\u00e9der?<\/li><li>Que dois-je configurer?<\/li><li>Etc.<\/li><\/ul>\n\n\n\n<p>L\u2019un des principaux objectifs de ce changement consiste \u00e0 mettre \u00e0 votre disposition un endroit centralis\u00e9 pour acc\u00e9der aux options de paiement, aux sommaires de vos factures et aux options de production de rapports \u2013 sans frais suppl\u00e9mentaires. Autrement dit, une interface facile d\u2019utilisation. En effet, tout est int\u00e9gr\u00e9 \u00e0 la plateforme de gestion de compte en ligne d\u2019Allstream&nbsp;que vous utilisez d\u00e9j\u00e0!&nbsp;&nbsp;<\/p>\n\n\n\n<p>Votre num\u00e9ro de client et votre num\u00e9ro de compte ne sont pas touch\u00e9s par le changement et restent les m\u00eames. Les donn\u00e9es seront disponibles dans les jours qui suivront votre date de facturation. Vous pourrez acc\u00e9der aux rapports autant de fois que vous le voudrez au cours du mois pour g\u00e9rer votre facturation mensuelle.&nbsp;&nbsp;<\/p>\n\n\n\n<p>Si vous n\u2019avez pas encore de compte, allez \u00e0 la&nbsp;<strong>page d\u2019ouverture de session<\/strong>&nbsp;du portail&nbsp;Allstream, et cliquez sur&nbsp;<strong>cr\u00e9er un nouveau compte<\/strong>&nbsp;pour configurer votre compte. Pour avoir des renseignements d\u00e9taill\u00e9s sur toutes les fonctions offertes dans le portail&nbsp;Allstream, allez \u00e0 la biblioth\u00e8que des&nbsp;<strong>guides d\u2019utilisation<\/strong>&nbsp;en s\u00e9lectionnant l\u2019option correspondante dans le menu&nbsp;<strong>SOUTIEN<\/strong>.&nbsp;&nbsp;<\/p>\n\n\n\n<hr class=\"wp-block-separator is-style-wide\"\/>\n\n\n\n<p id=\"4\">&nbsp;<\/p>\n\n\n\n<h2 class=\"wp-block-heading\">Rapports et donn\u00e9es de facturation<\/h2>\n\n\n\n<p>Notre nouvelle s\u00e9lection de rapports sur le portail vise \u00e0 r\u00e9pondre \u00e0 tous vos besoins en mati\u00e8re de rapports. Vous pouvez acc\u00e9der \u00e0 la m\u00eame information sur la facturation qu\u2019auparavant par l\u2019entremise d\u2019une vaste biblioth\u00e8que de rapports organis\u00e9e en fonction des services d\u2019utilisation et des services \u00e0 frais fixes. Voici ce qu\u2019elle contient :&nbsp;&nbsp;&nbsp;<\/p>\n\n\n\n<p><strong>Rapports sommaires\u202f<\/strong><\/p>\n\n\n\n<ul class=\"wp-block-list\"><li>Services interurbains\u202f(Rapport sommaire \u2013 services interurbains)\u202f<\/li><li>Num\u00e9ro sans frais\u202f(Rapport sommaire \u2013 service Num\u00e9ro sans frais)\u202f<\/li><li>Services interurbains par num\u00e9ro d\u2019origine\u202f(Rapport sommaire \u2013 num\u00e9ro d\u2019origine)\u202f<\/li><li>Compte de facturation\u202f(Rapport \u2013 montant factur\u00e9)\u202f<\/li><\/ul>\n\n\n\n<p><strong>Rapports d\u00e9taill\u00e9s\u202f<\/strong><\/p>\n\n\n\n<ul class=\"wp-block-list\"><li>Num\u00e9ro sans frais\u202f (Rapport d\u00e9taill\u00e9 \u2013 service Num\u00e9ro sans frais)\u202f<\/li><li>Code comptable\u202f(D\u00e9tail des codes comptables)\u202f<\/li><li>Rapport sur les frais fixes\u202f(nouveau dans le portail)\u202f<\/li><li>Rapport d\u2019utilisation (nouveau dans le portail)\u202f<\/li><\/ul>\n\n\n\n<p><strong>Rapports tri\u00e9s<\/strong><\/p>\n\n\n\n<ul class=\"wp-block-list\"><li>Principaux appels interurbains par num\u00e9ro d\u2019origine\u202f(Principaux appels par num\u00e9ros appel\u00e9s)\u202f<\/li><li>Principaux appels interurbains par num\u00e9ro d\u2019arriv\u00e9e\u202f (Principaux appels par num\u00e9ros appel\u00e9s)\u202f<\/li><li>Principaux appels interurbains et sans frais par montant des frais\u202f(Principaux appels par montant des frais)\u202f<\/li><li>Principaux appels interurbains et sans frais par dur\u00e9e de l\u2019appel\u202f(Principaux appels par dur\u00e9e)\u202f<\/li><\/ul>\n\n\n\n<p><strong>Rapports cr\u00e9\u00e9s par les utilisateurs\u202f<\/strong><\/p>\n\n\n\n<ul class=\"wp-block-list\"><li>Rapports planifi\u00e9s\u202f<\/li><li>Cr\u00e9ation et modification de rapports personnalis\u00e9s\u202f<\/li><li>Rapports personnalis\u00e9s\u202f<\/li><\/ul>\n\n\n\n<figure class=\"wp-block-image size-large\"><img loading=\"lazy\" decoding=\"async\" width=\"1024\" height=\"638\" src=\"https:\/\/support.allstream.com\/wp-content\/uploads\/2020\/10\/sample-usage-2-1024x638.jpg\" alt=\"\" class=\"wp-image-2188\" srcset=\"https:\/\/support.allstream.com\/wp-content\/uploads\/2020\/10\/sample-usage-2-1024x638.jpg 1024w, https:\/\/support.allstream.com\/wp-content\/uploads\/2020\/10\/sample-usage-2-300x187.jpg 300w, https:\/\/support.allstream.com\/wp-content\/uploads\/2020\/10\/sample-usage-2-768x478.jpg 768w, https:\/\/support.allstream.com\/wp-content\/uploads\/2020\/10\/sample-usage-2-50x31.jpg 50w, https:\/\/support.allstream.com\/wp-content\/uploads\/2020\/10\/sample-usage-2-60x37.jpg 60w, https:\/\/support.allstream.com\/wp-content\/uploads\/2020\/10\/sample-usage-2-100x62.jpg 100w, https:\/\/support.allstream.com\/wp-content\/uploads\/2020\/10\/sample-usage-2.jpg 1278w\" sizes=\"auto, (max-width: 1024px) 100vw, 1024px\" \/><figcaption>Rapport d&#8217;utilisation<\/figcaption><\/figure>\n\n\n\n<hr class=\"wp-block-separator is-style-wide\"\/>\n\n\n\n<p id=\"5\">&nbsp;<\/p>\n\n\n\n<h2 class=\"wp-block-heading\">Fonctions et fonctionnalit\u00e9s<\/h2>\n\n\n\n<p>Le m\u00eame niveau de d\u00e9tail et les m\u00eames fonctionnalit\u00e9s sont toujours offerts avec nos capacit\u00e9s de rapport simplifi\u00e9es. Vous pourrez encore planifier la distribution des rapports, t\u00e9l\u00e9charger les rapports, commander des rapports plus volumineux, personnaliser les \u00e9tiquettes des champs et cr\u00e9er vos propres rapports personnalis\u00e9s. Si vous produisez des rapports personnalis\u00e9s \u00e0 l\u2019aide de&nbsp;GestionCom, nous vous recommandons de t\u00e9l\u00e9charger leur version la plus \u00e0 jour afin que nous puissions vous aider \u00e0 recr\u00e9er les rapports pour les utiliser dans le portail&nbsp;Allstream.&nbsp;<\/p>\n\n\n\n<figure class=\"wp-block-image size-large\"><img loading=\"lazy\" decoding=\"async\" width=\"1024\" height=\"705\" src=\"https:\/\/support.allstream.com\/wp-content\/uploads\/2020\/10\/my-custom-report-1-1024x705.jpg\" alt=\"\" class=\"wp-image-2185\" srcset=\"https:\/\/support.allstream.com\/wp-content\/uploads\/2020\/10\/my-custom-report-1-1024x705.jpg 1024w, https:\/\/support.allstream.com\/wp-content\/uploads\/2020\/10\/my-custom-report-1-300x207.jpg 300w, https:\/\/support.allstream.com\/wp-content\/uploads\/2020\/10\/my-custom-report-1-768x529.jpg 768w, https:\/\/support.allstream.com\/wp-content\/uploads\/2020\/10\/my-custom-report-1-50x34.jpg 50w, https:\/\/support.allstream.com\/wp-content\/uploads\/2020\/10\/my-custom-report-1-60x41.jpg 60w, https:\/\/support.allstream.com\/wp-content\/uploads\/2020\/10\/my-custom-report-1-100x69.jpg 100w, https:\/\/support.allstream.com\/wp-content\/uploads\/2020\/10\/my-custom-report-1.jpg 1167w\" sizes=\"auto, (max-width: 1024px) 100vw, 1024px\" \/><figcaption>Mes rapport personnalis\u00e9s<\/figcaption><\/figure>\n\n\n\n<p>Les rapports historiques dans le portail Allstream ne remonteront qu\u2019\u00e0 12 mois.&nbsp;Les clients ayant besoin de rapports remontant \u00e0 plus loin que 12 mois devront les t\u00e9l\u00e9charger \u00e0 partir de&nbsp;GestionCom.&nbsp;<\/p>\n\n\n\n<p>Beaucoup de possibilit\u00e9s s\u2019offrent \u00e0 vous avec la vari\u00e9t\u00e9 de rapports pr\u00e9d\u00e9finis d\u2019Allstream, les nouveaux rapports sur les frais fixes et l\u2019utilisation, et les rapports personnalis\u00e9s. Vous avez maintenant un endroit centralis\u00e9 o\u00f9 trouver vos rapports sommaires et d\u00e9taill\u00e9s sur la facturation, ainsi qu\u2019une biblioth\u00e8que contenant des guides d\u2019utilisation pour vous aider. La pr\u00e9sentation des rapports a \u00e9t\u00e9 am\u00e9lior\u00e9e, la navigation est plus facile, de m\u00eame que votre capacit\u00e9 \u00e0 cr\u00e9er vos propres rapports. Tout cela \u00e0 l\u2019aide d\u2019une ouverture de session unique, sans frais suppl\u00e9mentaires.&nbsp;<\/p>\n","protected":false},"excerpt":{"rendered":"<p>NOUS SOMMES RAVIS DE VOUS PR\u00c9SENTER LES RAPPORTS DU PORTAIL ALLSTREAM, VERSION REVUE ET AM\u00c9LIOR\u00c9E! L\u2019\u00e9quipe&nbsp;Allstream&nbsp;est ravie d\u2019annoncer que vous pouvez dor\u00e9navant consulter, g\u00e9n\u00e9rer et t\u00e9l\u00e9charger vos rapports directement dans le portail&nbsp;Allstream! Vous b\u00e9n\u00e9ficierez ainsi du m\u00eame niveau de d\u00e9tail et de fonctionnalit\u00e9, sans co\u00fbt suppl\u00e9mentaire.&nbsp;&nbsp; Quoi de neuf?&nbsp; \u00c0&#8230;<\/p>\n","protected":false},"author":16,"featured_media":0,"parent":0,"menu_order":0,"comment_status":"closed","ping_status":"closed","template":"","meta":{"footnotes":""},"class_list":["post-2131","page","type-page","status-publish","hentry"],"aioseo_notices":[],"_links":{"self":[{"href":"https:\/\/support.allstream.com\/fr\/wp-json\/wp\/v2\/pages\/2131","targetHints":{"allow":["GET"]}}],"collection":[{"href":"https:\/\/support.allstream.com\/fr\/wp-json\/wp\/v2\/pages"}],"about":[{"href":"https:\/\/support.allstream.com\/fr\/wp-json\/wp\/v2\/types\/page"}],"author":[{"embeddable":true,"href":"https:\/\/support.allstream.com\/fr\/wp-json\/wp\/v2\/users\/16"}],"replies":[{"embeddable":true,"href":"https:\/\/support.allstream.com\/fr\/wp-json\/wp\/v2\/comments?post=2131"}],"version-history":[{"count":0,"href":"https:\/\/support.allstream.com\/fr\/wp-json\/wp\/v2\/pages\/2131\/revisions"}],"wp:attachment":[{"href":"https:\/\/support.allstream.com\/fr\/wp-json\/wp\/v2\/media?parent=2131"}],"curies":[{"name":"wp","href":"https:\/\/api.w.org\/{rel}","templated":true}]}}