{"id":1929,"date":"2020-04-13T15:10:28","date_gmt":"2020-04-13T15:10:28","guid":{"rendered":"https:\/\/allstreamsupport.burbledev.com\/merci\/"},"modified":"2020-04-13T15:19:57","modified_gmt":"2020-04-13T15:19:57","slug":"merci","status":"publish","type":"page","link":"https:\/\/support.allstream.com\/fr\/merci\/","title":{"rendered":"Merci!"},"content":{"rendered":"\n<p><strong>Avez-vous des probl\u00e8mes avec votre service?<\/strong><br>Veuillez contacter le Centre de r\u00e9paration du service client (CRC) pour une r\u00e9ponse imm\u00e9diate \u00e0 tout probl\u00e8me ou en cas de panne du service de t\u00e9l\u00e9communications, en appelant :<\/p>\n\n\n\n<p><strong>\u00c9.-U.<\/strong> <strong>:<\/strong> <a href=\"tel:1-800-360-4467\">800-360-4467<\/a><br><strong>Canada:<\/strong>  <a href=\"tel:1-866-282-0111\">866-282-0111<\/a>  <\/p>\n\n\n\n<p>Merci pour votre demande. Notre personnel est du lundi au vendredi et r\u00e9pond g\u00e9n\u00e9ralement dans les deux jours ouvrables.<\/p>\n\n\n\n<h3 class=\"wp-block-heading\"><strong>Service \u00e0 la client\u00e8le<\/strong><\/h3>\n\n\n\n<p><strong>\u00c9.-U.<\/strong> <br><a href=\"mailto:uscustomerservice@allstream.com\">USCustomerService@allstream.com<\/a> <br><a href=\"tel:1-800-468-3472\">866-468-3472<\/a><\/p>\n\n\n\n<p><strong>Canada<\/strong><br><a href=\"mailto:uscustomerservice@allstream.com\">CANCustomerService@allstream.com<\/a><br><a href=\"tel:1-888-288-2273\">888-288-2273<\/a> <\/p>\n","protected":false},"excerpt":{"rendered":"<p>Avez-vous des probl\u00e8mes avec votre service?Veuillez contacter le Centre de r\u00e9paration du service client (CRC) pour une r\u00e9ponse imm\u00e9diate \u00e0 tout probl\u00e8me ou en cas de panne du service de t\u00e9l\u00e9communications, en appelant : \u00c9.-U. : 800-360-4467Canada: 866-282-0111 Merci pour votre demande. Notre personnel est du lundi au vendredi et&#8230;<\/p>\n","protected":false},"author":16,"featured_media":0,"parent":0,"menu_order":0,"comment_status":"closed","ping_status":"closed","template":"","meta":{"footnotes":""},"class_list":["post-1929","page","type-page","status-publish","hentry"],"aioseo_notices":[],"_links":{"self":[{"href":"https:\/\/support.allstream.com\/fr\/wp-json\/wp\/v2\/pages\/1929","targetHints":{"allow":["GET"]}}],"collection":[{"href":"https:\/\/support.allstream.com\/fr\/wp-json\/wp\/v2\/pages"}],"about":[{"href":"https:\/\/support.allstream.com\/fr\/wp-json\/wp\/v2\/types\/page"}],"author":[{"embeddable":true,"href":"https:\/\/support.allstream.com\/fr\/wp-json\/wp\/v2\/users\/16"}],"replies":[{"embeddable":true,"href":"https:\/\/support.allstream.com\/fr\/wp-json\/wp\/v2\/comments?post=1929"}],"version-history":[{"count":0,"href":"https:\/\/support.allstream.com\/fr\/wp-json\/wp\/v2\/pages\/1929\/revisions"}],"wp:attachment":[{"href":"https:\/\/support.allstream.com\/fr\/wp-json\/wp\/v2\/media?parent=1929"}],"curies":[{"name":"wp","href":"https:\/\/api.w.org\/{rel}","templated":true}]}}